{"id":4,"date":"2014-02-06T22:08:35","date_gmt":"2014-02-06T20:08:35","guid":{"rendered":"http:\/\/hannes-heller.info\/blog\/?page_id=4"},"modified":"2017-12-18T00:28:32","modified_gmt":"2017-12-17T22:28:32","slug":"about","status":"publish","type":"page","link":"http:\/\/www.hannes-heller.info\/blog\/about\/","title":{"rendered":"ABOUT ME"},"content":{"rendered":"<p>Seit 2005 bin ich medienp\u00e4dagogischer Mitarbeiter des <a href=\"http:\/\/www.medienzentrum.at\">wienxtra-medienzentrums<\/a>. Ich unterst\u00fctze Jugendliche bei ihren ersten Schritten in die Medienarbeit und berate Erwachsene, die medienp\u00e4dagogische Methoden kennenlernen wollen.  Ich entwickle Pilotprojekte und gebe mein Wissen in Seminaren gerne weiter. <\/p>\n<p>Ich bin aktives Mitglied der Initiative <a href=\"http:\/\/www.medienbildungjetzt.at\">Medienbildung JETZT!<\/a> ,  die sich f\u00fcr eine medienp\u00e4dagogische Grundversorgung in ganz \u00d6sterreich einsetzt. <\/p>\n<p>Der Entschluss meinen eignen Blog ins Netz zu stellen, hat relativ lange gedauert. Nun ist er da und soll ein kleines Experimentierfeld f\u00fcr gesellschaftspolitische Kommentare und privat-kreative Ausdr\u00fccke sein. \u00dcber Feedback und oder Verbesserungsvorschl\u00e4ge w\u00fcrde ich mich freuen. <\/p>\n<p>Kontakt: Hannes.Heller(a)gmx.net<\/p>\n","protected":false},"excerpt":{"rendered":"<p>Seit 2005 bin ich medienp\u00e4dagogischer Mitarbeiter des wienxtra-medienzentrums. Ich unterst\u00fctze Jugendliche bei ihren ersten Schritten in die Medienarbeit und berate Erwachsene, die medienp\u00e4dagogische Methoden kennenlernen wollen. Ich entwickle Pilotprojekte und gebe mein Wissen in Seminaren gerne weiter. Ich bin aktives Mitglied der Initiative Medienbildung JETZT! , die sich f\u00fcr eine medienp\u00e4dagogische Grundversorgung in ganz \u00d6sterreich [&hellip;]<\/p>\n","protected":false},"author":1,"featured_media":0,"parent":0,"menu_order":0,"comment_status":"open","ping_status":"open","template":"","meta":{"footnotes":""},"class_list":["post-4","page","type-page","status-publish","hentry"],"_links":{"self":[{"href":"http:\/\/www.hannes-heller.info\/blog\/wp-json\/wp\/v2\/pages\/4","targetHints":{"allow":["GET"]}}],"collection":[{"href":"http:\/\/www.hannes-heller.info\/blog\/wp-json\/wp\/v2\/pages"}],"about":[{"href":"http:\/\/www.hannes-heller.info\/blog\/wp-json\/wp\/v2\/types\/page"}],"author":[{"embeddable":true,"href":"http:\/\/www.hannes-heller.info\/blog\/wp-json\/wp\/v2\/users\/1"}],"replies":[{"embeddable":true,"href":"http:\/\/www.hannes-heller.info\/blog\/wp-json\/wp\/v2\/comments?post=4"}],"version-history":[{"count":11,"href":"http:\/\/www.hannes-heller.info\/blog\/wp-json\/wp\/v2\/pages\/4\/revisions"}],"predecessor-version":[{"id":601,"href":"http:\/\/www.hannes-heller.info\/blog\/wp-json\/wp\/v2\/pages\/4\/revisions\/601"}],"wp:attachment":[{"href":"http:\/\/www.hannes-heller.info\/blog\/wp-json\/wp\/v2\/media?parent=4"}],"curies":[{"name":"wp","href":"https:\/\/api.w.org\/{rel}","templated":true}]}}